{"id":1488,"date":"2022-03-04T03:42:59","date_gmt":"2022-03-04T03:42:59","guid":{"rendered":"https:\/\/dcware.it\/index.php\/home\/"},"modified":"2022-10-20T18:06:57","modified_gmt":"2022-10-20T18:06:57","slug":"home","status":"publish","type":"page","link":"https:\/\/dcware.it\/","title":{"rendered":"Home"},"content":{"rendered":"\n<div class=\"wp-block-uagb-container uagb-block-3719bb95 alignfull uagb-is-root-container\"><div class=\"uagb-container-inner-blocks-wrap\">\n<div class=\"wp-block-uagb-container uagb-block-0fef7af7\">\n<div class=\"wp-block-uagb-info-box uagb-block-a4ba0242 uagb-infobox__content-wrap  uagb-infobox-icon-above-title uagb-infobox-image-valign-top\"><div class=\"uagb-ifb-content\"><div class=\"uagb-ifb-title-wrap\"><span class=\"uagb-ifb-title-prefix\">Noi siamo<\/span><h1 class=\"uagb-ifb-title\">Digital Consulting \u200b<\/h1><\/div><p class=\"uagb-ifb-desc\">Aiutiamo le aziende ad affrontare la sfida della Digital Transformation<\/p><div class=\"uagb-ifb-button-wrapper wp-block-button\"><a href=\"#contattaci\" target=\"_self\" class=\"uagb-infobox-cta-link\" rel=\"noopener noreferrer\" alt=\"\"><svg xmlns=\"https:\/\/www.w3.org\/2000\/svg\" viewBox=\"0 0 512 512\"><path d=\"M502.6 278.6l-128 128c-12.51 12.51-32.76 12.49-45.25 0c-12.5-12.5-12.5-32.75 0-45.25L402.8 288H32C14.31 288 0 273.7 0 255.1S14.31 224 32 224h370.8l-73.38-73.38c-12.5-12.5-12.5-32.75 0-45.25s32.75-12.5 45.25 0l128 128C515.1 245.9 515.1 266.1 502.6 278.6z\"><\/path><\/svg><span class=\"uagb-inline-editing\"> CONTATTACI<\/span><\/a><\/div><\/div><\/div>\n<\/div>\n\n\n\n<div class=\"wp-block-uagb-container uagb-block-613c574c\"><\/div>\n<\/div><\/div>\n\n\n\n<div class=\"wp-block-uagb-container uagb-block-db649a4d alignfull uagb-is-root-container\"><div class=\"uagb-container-inner-blocks-wrap\">\n<div class=\"wp-block-uagb-advanced-heading uagb-block-a80ef337\"><h2 class=\"uagb-heading-text\">Come possiamo aiutarti<\/h2><\/div>\n\n\n\n<div id=\"servizi\" class=\"wp-block-uagb-container uagb-block-7ede1965\">\n<div class=\"wp-block-uagb-container uagb-block-8dfbfdcf\">\n<div class=\"wp-block-uagb-info-box uagb-block-4106d24f uagb-infobox__content-wrap  uagb-infobox-icon-above-title uagb-infobox-image-valign-top\"><div class=\"uagb-ifb-content\"><div class=\"uagb-ifb-icon-wrap\"><svg xmlns=\"https:\/\/www.w3.org\/2000\/svg\" viewBox=\"0 0 640 512\"><path d=\"M128 96h384v256h64V80C576 53.63 554.4 32 528 32h-416C85.63 32 64 53.63 64 80V352h64V96zM624 384h-608C7.25 384 0 391.3 0 400V416c0 35.25 28.75 64 64 64h512c35.25 0 64-28.75 64-64v-16C640 391.3 632.8 384 624 384zM365.9 286.2C369.8 290.1 374.9 292 380 292s10.23-1.938 14.14-5.844l48-48c7.812-7.813 7.812-20.5 0-28.31l-48-48c-7.812-7.813-20.47-7.813-28.28 0c-7.812 7.813-7.812 20.5 0 28.31l33.86 33.84l-33.86 33.84C358 265.7 358 278.4 365.9 286.2zM274.1 161.9c-7.812-7.813-20.47-7.813-28.28 0l-48 48c-7.812 7.813-7.812 20.5 0 28.31l48 48C249.8 290.1 254.9 292 260 292s10.23-1.938 14.14-5.844c7.812-7.813 7.812-20.5 0-28.31L240.3 224l33.86-33.84C281.1 182.4 281.1 169.7 274.1 161.9z\"><\/path><\/svg><\/div><div class=\"uagb-ifb-title-wrap\"><h4 class=\"uagb-ifb-title\"><strong>Digital Strategy\u200b<\/strong><\/h4><\/div><p class=\"uagb-ifb-desc\">Il web \u00e8 una grande vetrina e rappresenta una grande opportunit\u00e0 per le aziende per farsi conoscere. Proprio per questo per\u00f2  \u00e8 necessario saper comunicare in modo efficace e saper struttare i vari canali (sito web, social, ecommerce, marketplace, etc) valutando i costi e i benefici. <\/p><\/div><\/div>\n<\/div>\n\n\n\n<div class=\"wp-block-uagb-container uagb-block-3775bf2f\">\n<div class=\"wp-block-uagb-info-box uagb-block-31ae62d7 uagb-infobox__content-wrap  uagb-infobox-icon-above-title uagb-infobox-image-valign-top\"><div class=\"uagb-ifb-content\"><div class=\"uagb-ifb-icon-wrap\"><svg xmlns=\"https:\/\/www.w3.org\/2000\/svg\" viewBox=\"0 0 640 512\"><path d=\"M286.3 155.1C287.4 161.9 288 168.9 288 175.1C288 183.1 287.4 190.1 286.3 196.9L308.5 216.7C315.5 223 318.4 232.1 314.7 241.7C312.4 246.1 309.9 252.2 307.1 257.2L304 262.6C300.1 267.6 297.7 272.4 294.2 277.1C288.5 284.7 278.5 287.2 269.5 284.2L241.2 274.9C230.5 283.8 218.3 290.9 205 295.9L198.1 324.9C197 334.2 189.8 341.6 180.4 342.8C173.7 343.6 166.9 344 160 344C153.1 344 146.3 343.6 139.6 342.8C130.2 341.6 122.1 334.2 121 324.9L114.1 295.9C101.7 290.9 89.5 283.8 78.75 274.9L50.53 284.2C41.54 287.2 31.52 284.7 25.82 277.1C22.28 272.4 18.98 267.5 15.94 262.5L12.92 257.2C10.13 252.2 7.592 247 5.324 241.7C1.62 232.1 4.458 223 11.52 216.7L33.7 196.9C32.58 190.1 31.1 183.1 31.1 175.1C31.1 168.9 32.58 161.9 33.7 155.1L11.52 135.3C4.458 128.1 1.62 119 5.324 110.3C7.592 104.1 10.13 99.79 12.91 94.76L15.95 89.51C18.98 84.46 22.28 79.58 25.82 74.89C31.52 67.34 41.54 64.83 50.53 67.79L78.75 77.09C89.5 68.25 101.7 61.13 114.1 56.15L121 27.08C122.1 17.8 130.2 10.37 139.6 9.231C146.3 8.418 153.1 8 160 8C166.9 8 173.7 8.418 180.4 9.23C189.8 10.37 197 17.8 198.1 27.08L205 56.15C218.3 61.13 230.5 68.25 241.2 77.09L269.5 67.79C278.5 64.83 288.5 67.34 294.2 74.89C297.7 79.56 300.1 84.42 304 89.44L307.1 94.83C309.9 99.84 312.4 105 314.7 110.3C318.4 119 315.5 128.1 308.5 135.3L286.3 155.1zM160 127.1C133.5 127.1 112 149.5 112 175.1C112 202.5 133.5 223.1 160 223.1C186.5 223.1 208 202.5 208 175.1C208 149.5 186.5 127.1 160 127.1zM484.9 478.3C478.1 479.4 471.1 480 464 480C456.9 480 449.9 479.4 443.1 478.3L423.3 500.5C416.1 507.5 407 510.4 398.3 506.7C393 504.4 387.8 501.9 382.8 499.1L377.4 496C372.4 492.1 367.6 489.7 362.9 486.2C355.3 480.5 352.8 470.5 355.8 461.5L365.1 433.2C356.2 422.5 349.1 410.3 344.1 397L315.1 390.1C305.8 389 298.4 381.8 297.2 372.4C296.4 365.7 296 358.9 296 352C296 345.1 296.4 338.3 297.2 331.6C298.4 322.2 305.8 314.1 315.1 313L344.1 306.1C349.1 293.7 356.2 281.5 365.1 270.8L355.8 242.5C352.8 233.5 355.3 223.5 362.9 217.8C367.6 214.3 372.5 210.1 377.5 207.9L382.8 204.9C387.8 202.1 392.1 199.6 398.3 197.3C407 193.6 416.1 196.5 423.3 203.5L443.1 225.7C449.9 224.6 456.9 224 464 224C471.1 224 478.1 224.6 484.9 225.7L504.7 203.5C511 196.5 520.1 193.6 529.7 197.3C535 199.6 540.2 202.1 545.2 204.9L550.5 207.9C555.5 210.1 560.4 214.3 565.1 217.8C572.7 223.5 575.2 233.5 572.2 242.5L562.9 270.8C571.8 281.5 578.9 293.7 583.9 306.1L612.9 313C622.2 314.1 629.6 322.2 630.8 331.6C631.6 338.3 632 345.1 632 352C632 358.9 631.6 365.7 630.8 372.4C629.6 381.8 622.2 389 612.9 390.1L583.9 397C578.9 410.3 571.8 422.5 562.9 433.2L572.2 461.5C575.2 470.5 572.7 480.5 565.1 486.2C560.4 489.7 555.6 492.1 550.6 496L545.2 499.1C540.2 501.9 534.1 504.4 529.7 506.7C520.1 510.4 511 507.5 504.7 500.5L484.9 478.3zM512 352C512 325.5 490.5 304 464 304C437.5 304 416 325.5 416 352C416 378.5 437.5 400 464 400C490.5 400 512 378.5 512 352z\"><\/path><\/svg><\/div><div class=\"uagb-ifb-title-wrap\"><h4 class=\"uagb-ifb-title\"><strong><strong>Business Process Optimization\u200b<\/strong><\/strong><\/h4><\/div><p class=\"uagb-ifb-desc\">Spesso si pensa che re-ingegnerizzare un processo sia una cosa onerosa e pesante. A volte per\u00f2 basta un semplice diagramma di flusso per accorgersi di complicazioni inutili e ridondanze per le quali bastano semplici soluzioni per rendere un processo pi\u00f9 efficace e ridurre i costi.<\/p><\/div><\/div>\n<\/div>\n\n\n\n<div class=\"wp-block-uagb-container uagb-block-02b34ec2\">\n<div class=\"wp-block-uagb-info-box uagb-block-061b427c uagb-infobox__content-wrap  uagb-infobox-icon-above-title uagb-infobox-image-valign-top\"><div class=\"uagb-ifb-content\"><div class=\"uagb-ifb-icon-wrap\"><svg xmlns=\"https:\/\/www.w3.org\/2000\/svg\" viewBox=\"0 0 640 512\"><path d=\"M9.375 233.4C3.375 239.4 0 247.5 0 256v128c0 8.5 3.375 16.62 9.375 22.62S23.5 416 32 416h32V224H32C23.5 224 15.38 227.4 9.375 233.4zM464 96H352V32c0-17.62-14.38-32-32-32S288 14.38 288 32v64H176C131.8 96 96 131.8 96 176V448c0 35.38 28.62 64 64 64h320c35.38 0 64-28.62 64-64V176C544 131.8 508.3 96 464 96zM256 416H192v-32h64V416zM224 296C201.9 296 184 278.1 184 256S201.9 216 224 216S264 233.9 264 256S246.1 296 224 296zM352 416H288v-32h64V416zM448 416h-64v-32h64V416zM416 296c-22.12 0-40-17.88-40-40S393.9 216 416 216S456 233.9 456 256S438.1 296 416 296zM630.6 233.4C624.6 227.4 616.5 224 608 224h-32v192h32c8.5 0 16.62-3.375 22.62-9.375S640 392.5 640 384V256C640 247.5 636.6 239.4 630.6 233.4z\"><\/path><\/svg><\/div><div class=\"uagb-ifb-title-wrap\"><h4 class=\"uagb-ifb-title\">Robotic Process Automation\u200b\u200b<\/h4><\/div><p class=\"uagb-ifb-desc\">Libera le tue persone da attivit\u00e0  manuali e incombenze legate ad attivit\u00e0 ripetitive. La RPA \u00e8 in grado di\u00a0<strong>sostituirsi all\u2019uomo<\/strong> su task che solitamente hanno scarso valore aggiunto sia dal punto di vista delle singole competenze delle persone sia dal punto di vista del business. <\/p><\/div><\/div>\n<\/div>\n<\/div>\n\n\n\n<div class=\"wp-block-uagb-container uagb-block-a71ebca9\">\n<div class=\"wp-block-uagb-container uagb-block-ee62a3dd\">\n<div class=\"wp-block-uagb-info-box uagb-block-ce5e8ced uagb-infobox__content-wrap  uagb-infobox-icon-above-title uagb-infobox-image-valign-top\"><div class=\"uagb-ifb-content\"><div class=\"uagb-ifb-icon-wrap\"><svg xmlns=\"https:\/\/www.w3.org\/2000\/svg\" viewBox=\"0 0 448 512\"><path d=\"M448 80V128C448 172.2 347.7 208 224 208C100.3 208 0 172.2 0 128V80C0 35.82 100.3 0 224 0C347.7 0 448 35.82 448 80zM393.2 214.7C413.1 207.3 433.1 197.8 448 186.1V288C448 332.2 347.7 368 224 368C100.3 368 0 332.2 0 288V186.1C14.93 197.8 34.02 207.3 54.85 214.7C99.66 230.7 159.5 240 224 240C288.5 240 348.3 230.7 393.2 214.7V214.7zM54.85 374.7C99.66 390.7 159.5 400 224 400C288.5 400 348.3 390.7 393.2 374.7C413.1 367.3 433.1 357.8 448 346.1V432C448 476.2 347.7 512 224 512C100.3 512 0 476.2 0 432V346.1C14.93 357.8 34.02 367.3 54.85 374.7z\"><\/path><\/svg><\/div><div class=\"uagb-ifb-title-wrap\"><h4 class=\"uagb-ifb-title\">Data Analytics<strong><strong>\u200b<\/strong><\/strong><\/h4><\/div><p class=\"uagb-ifb-desc\">I tuoi dati &#8211; se adeguatamente analizzati &#8211; posso fornire informazioni per scoprire e analizzare schemi nascosti, relazioni, tendenze, correlazioni e anomalie. Ci\u00f2 pu\u00f2 contribuire a\u00a0<strong>migliorare i processi operativi<\/strong> e a prendere\u00a0<strong>decisioni pi\u00f9 rapide e meglio informate<\/strong> che possono farti massimizzare i ricavi e ridurre i costi.<\/p><\/div><\/div>\n<\/div>\n\n\n\n<div class=\"wp-block-uagb-container uagb-block-afd13981\">\n<div class=\"wp-block-uagb-info-box uagb-block-c9bfe442 uagb-infobox__content-wrap  uagb-infobox-icon-above-title uagb-infobox-image-valign-top\"><div class=\"uagb-ifb-content\"><div class=\"uagb-ifb-icon-wrap\"><svg xmlns=\"https:\/\/www.w3.org\/2000\/svg\" viewBox=\"0 0 384 512\"><path d=\"M256 0v128h128L256 0zM224 128L224 0H48C21.49 0 0 21.49 0 48v416C0 490.5 21.49 512 48 512h288c26.51 0 48-21.49 48-48V160h-127.1C238.3 160 224 145.7 224 128zM272 416h-160C103.2 416 96 408.8 96 400C96 391.2 103.2 384 112 384h160c8.836 0 16 7.162 16 16C288 408.8 280.8 416 272 416zM272 352h-160C103.2 352 96 344.8 96 336C96 327.2 103.2 320 112 320h160c8.836 0 16 7.162 16 16C288 344.8 280.8 352 272 352zM288 272C288 280.8 280.8 288 272 288h-160C103.2 288 96 280.8 96 272C96 263.2 103.2 256 112 256h160C280.8 256 288 263.2 288 272z\"><\/path><\/svg><\/div><div class=\"uagb-ifb-title-wrap\"><h4 class=\"uagb-ifb-title\"><strong>Document Management<\/strong>\u200b\u200b<\/h4><\/div><p class=\"uagb-ifb-desc\">Una gestione documentale organizzata \u00e8 lo strumento che migliora la produttivit\u00e0 e la competitivit\u00e0 di una azienda, aumenta la qualit\u00e0 del lavoro e rende pi\u00f9 fluido il passaggio di informazioni, favorendo una condivisione pi\u00f9 immediata dei documenti con un conseguente risparmio di tempo.<\/p><\/div><\/div>\n<\/div>\n\n\n\n<div class=\"wp-block-uagb-container uagb-block-84ecc8af\">\n<div class=\"wp-block-uagb-info-box uagb-block-3822c625 uagb-infobox__content-wrap  uagb-infobox-icon-above-title uagb-infobox-image-valign-top\"><div class=\"uagb-ifb-content\"><div class=\"uagb-ifb-icon-wrap\"><svg xmlns=\"https:\/\/www.w3.org\/2000\/svg\" viewBox=\"0 0 576 512\"><path d=\"M80 352C53.5 352 32 373.5 32 400S53.5 448 80 448S128 426.5 128 400S106.5 352 80 352zM496 352c-26.5 0-48 21.5-48 48s21.5 48 48 48s48-21.5 48-48S522.5 352 496 352zM377 363.1c4.625-14.5 1.625-30.88-9.75-42.37c-11.5-11.5-27.87-14.38-42.37-9.875c-7-13.5-20.63-23-36.88-23s-29.88 9.5-36.88 23C236.6 306.2 220.2 309.2 208.8 320.8c-11.5 11.5-14.38 27.87-9.875 42.37c-13.5 7-23 20.63-23 36.88s9.5 29.88 23 36.88c-4.625 14.5-1.625 30.88 9.875 42.37c8.25 8.125 19 12.25 29.75 12.25c4.25 0 8.5-1.125 12.62-2.5C258.1 502.5 271.8 512 288 512s29.88-9.5 36.88-23c4.125 1.25 8.375 2.5 12.62 2.5c10.75 0 21.5-4.125 29.75-12.25c11.5-11.5 14.38-27.87 9.75-42.37C390.5 429.9 400 416.2 400 400S390.5 370.1 377 363.1zM544 224c0-53-43-96-96-96c-.625 0-1.125 .25-1.625 .25C447.5 123 448 117.6 448 112C448 67.75 412.2 32 368 32c-24.62 0-46.25 11.25-61 28.75C288.4 24.75 251.2 0 208 0C146.1 0 96 50.12 96 112c0 7.25 .75 14.25 2.125 21.25C59.75 145.8 32 181.5 32 224c0 53 43 96 96 96h43.38C175 312 179.8 304.6 186.2 298.2C199.8 284.8 217.8 277.1 237 276.9C250.5 263.8 268.8 256 288 256s37.5 7.75 51 20.88c19.25 .25 37.25 7.875 50.75 21.37C396.2 304.6 401.1 312 404.6 320H448C501 320 544 277 544 224z\"><\/path><\/svg><\/div><div class=\"uagb-ifb-title-wrap\"><h4 class=\"uagb-ifb-title\"><strong><strong>Cloud Adoption\u200b<\/strong>\u200b<\/strong><\/h4><\/div><p class=\"uagb-ifb-desc\">Il cloud presenta molti vantaggi, tra cui maggiore agilit\u00e0, velocit\u00e0 di commercializzazione e maggiore efficienza. Il cloud pu\u00f2 aprire le porte a esperienze utente avanzate e nuovi mercati. Tuttavia  l&#8217;offerta \u00e8  molto ampia e senza un valido aiuto le piccole e medie imprese possono non riuscire a  valutarne i reali vantaggi.<\/p><\/div><\/div>\n<\/div>\n<\/div>\n<\/div><\/div>\n\n\n\n<div id=\"contattaci\" class=\"wp-block-uagb-container uagb-block-aadf9025 alignfull uagb-is-root-container\"><div class=\"uagb-container-inner-blocks-wrap\">\n<div class=\"wp-block-columns is-layout-flex wp-container-core-columns-is-layout-28f84493 wp-block-columns-is-layout-flex\">\n<div class=\"wp-block-column is-layout-flow wp-block-column-is-layout-flow\">\n<h3 class=\"has-ast-global-color-1-color has-text-color wp-block-heading\">Vorresti iniziare un progetto con noi?\u200b<\/h3>\n\n\n\n<p class=\"has-text-align-left has-medium-font-size\">Contattaci senza impegno, possiamo fare un assessment gratuito per individuare le aree del tuo business che possono trarre benefici dai nostri servizi in termini di riduzione di costi e\/o maggiore produttivit\u00e0.<\/p>\n<\/div>\n\n\n\n<div class=\"wp-block-column is-layout-flow wp-block-column-is-layout-flow\">\n<h3 class=\"has-ast-global-color-1-color has-text-color wp-block-heading\">Contattaci<\/h3>\n\n\n<div class=\"wpforms-container \" id=\"wpforms-2489\"><form id=\"wpforms-form-2489\" class=\"wpforms-validate wpforms-form\" data-formid=\"2489\" method=\"post\" enctype=\"multipart\/form-data\" action=\"\/index.php\/wp-json\/wp\/v2\/pages\/1488\" data-token=\"986bb43a73ef36fc9fab0a9b9f18d9bb\"><noscript class=\"wpforms-error-noscript\">Please enable JavaScript in your browser to complete this form.<\/noscript><div class=\"wpforms-field-container\"><div id=\"wpforms-2489-field_0-container\" class=\"wpforms-field wpforms-field-name\" data-field-id=\"0\"><label class=\"wpforms-field-label wpforms-label-hide\" for=\"wpforms-2489-field_0\">Name <span class=\"wpforms-required-label\">*<\/span><\/label><input type=\"text\" id=\"wpforms-2489-field_0\" class=\"wpforms-field-large wpforms-field-required\" name=\"wpforms[fields][0]\" placeholder=\"Inserisci il tuo nome*\" required><\/div><div id=\"wpforms-2489-field_1-container\" class=\"wpforms-field wpforms-field-email\" data-field-id=\"1\"><label class=\"wpforms-field-label wpforms-label-hide\" for=\"wpforms-2489-field_1\">Email <span class=\"wpforms-required-label\">*<\/span><\/label><input type=\"email\" id=\"wpforms-2489-field_1\" class=\"wpforms-field-large wpforms-field-required\" name=\"wpforms[fields][1]\" placeholder=\"Inserisci la tua email*\" required><\/div><div id=\"wpforms-2489-field_2-container\" class=\"wpforms-field wpforms-field-textarea\" data-field-id=\"2\"><label class=\"wpforms-field-label wpforms-label-hide\" for=\"wpforms-2489-field_2\">Messaggio <span class=\"wpforms-required-label\">*<\/span><\/label><textarea id=\"wpforms-2489-field_2\" class=\"wpforms-field-medium wpforms-field-required\" name=\"wpforms[fields][2]\" placeholder=\"Scrivi qui il messaggio*\" required><\/textarea><\/div><\/div><div class=\"wpforms-field wpforms-field-hp\"><label for=\"wpforms-2489-field-hp\" class=\"wpforms-field-label\">Comment<\/label><input type=\"text\" name=\"wpforms[hp]\" id=\"wpforms-2489-field-hp\" class=\"wpforms-field-medium\"><\/div><input type=\"hidden\" name=\"wpforms[recaptcha]\" value=\"\"><div class=\"wpforms-submit-container\"><input type=\"hidden\" name=\"wpforms[id]\" value=\"2489\"><input type=\"hidden\" name=\"wpforms[author]\" value=\"1\"><button type=\"submit\" name=\"wpforms[submit]\" id=\"wpforms-submit-2489\" class=\"wpforms-submit\" data-alt-text=\"Sending...\" data-submit-text=\"Submit\" aria-live=\"assertive\" value=\"wpforms-submit\">Submit<\/button><\/div><\/form><\/div>  <!-- .wpforms-container --><\/div>\n<\/div>\n<\/div><\/div>\n","protected":false},"excerpt":{"rendered":"<p>Come possiamo aiutarti Vorresti iniziare un progetto con noi?\u200b Contattaci senza impegno, possiamo fare un assessment gratuito per individuare le aree del tuo business che possono trarre benefici dai nostri servizi in termini di riduzione di costi e\/o maggiore produttivit\u00e0. Contattaci<\/p>\n","protected":false},"author":1,"featured_media":0,"parent":0,"menu_order":0,"comment_status":"closed","ping_status":"closed","template":"","meta":{"_uag_custom_page_level_css":"","site-sidebar-layout":"no-sidebar","site-content-layout":"page-builder","ast-site-content-layout":"","site-content-style":"default","site-sidebar-style":"default","ast-global-header-display":"","ast-banner-title-visibility":"","ast-main-header-display":"","ast-hfb-above-header-display":"","ast-hfb-below-header-display":"","ast-hfb-mobile-header-display":"","site-post-title":"disabled","ast-breadcrumbs-content":"","ast-featured-img":"disabled","footer-sml-layout":"","theme-transparent-header-meta":"enabled","adv-header-id-meta":"","stick-header-meta":"","header-above-stick-meta":"","header-main-stick-meta":"","header-below-stick-meta":"","astra-migrate-meta-layouts":"default","ast-page-background-enabled":"default","ast-page-background-meta":{"desktop":{"background-color":"var(--ast-global-color-4)","background-image":"","background-repeat":"repeat","background-position":"center center","background-size":"auto","background-attachment":"scroll","background-type":"","background-media":"","overlay-type":"","overlay-color":"","overlay-opacity":"","overlay-gradient":""},"tablet":{"background-color":"","background-image":"","background-repeat":"repeat","background-position":"center center","background-size":"auto","background-attachment":"scroll","background-type":"","background-media":"","overlay-type":"","overlay-color":"","overlay-opacity":"","overlay-gradient":""},"mobile":{"background-color":"","background-image":"","background-repeat":"repeat","background-position":"center center","background-size":"auto","background-attachment":"scroll","background-type":"","background-media":"","overlay-type":"","overlay-color":"","overlay-opacity":"","overlay-gradient":""}},"ast-content-background-meta":{"desktop":{"background-color":"var(--ast-global-color-5)","background-image":"","background-repeat":"repeat","background-position":"center center","background-size":"auto","background-attachment":"scroll","background-type":"","background-media":"","overlay-type":"","overlay-color":"","overlay-opacity":"","overlay-gradient":""},"tablet":{"background-color":"var(--ast-global-color-5)","background-image":"","background-repeat":"repeat","background-position":"center center","background-size":"auto","background-attachment":"scroll","background-type":"","background-media":"","overlay-type":"","overlay-color":"","overlay-opacity":"","overlay-gradient":""},"mobile":{"background-color":"var(--ast-global-color-5)","background-image":"","background-repeat":"repeat","background-position":"center center","background-size":"auto","background-attachment":"scroll","background-type":"","background-media":"","overlay-type":"","overlay-color":"","overlay-opacity":"","overlay-gradient":""}},"footnotes":""},"class_list":["post-1488","page","type-page","status-publish","hentry"],"aioseo_notices":[],"uagb_featured_image_src":{"full":false,"thumbnail":false,"medium":false,"medium_large":false,"large":false,"1536x1536":false,"2048x2048":false},"uagb_author_info":{"display_name":"dcwadmin","author_link":"https:\/\/dcware.it\/index.php\/author\/dcwadmin\/"},"uagb_comment_info":0,"uagb_excerpt":"Come possiamo aiutarti Vorresti iniziare un progetto con noi?\u200b Contattaci senza impegno, possiamo fare un assessment gratuito per individuare le aree del tuo business che possono trarre benefici dai nostri servizi in termini di riduzione di costi e\/o maggiore produttivit\u00e0. Contattaci","_links":{"self":[{"href":"https:\/\/dcware.it\/index.php\/wp-json\/wp\/v2\/pages\/1488","targetHints":{"allow":["GET"]}}],"collection":[{"href":"https:\/\/dcware.it\/index.php\/wp-json\/wp\/v2\/pages"}],"about":[{"href":"https:\/\/dcware.it\/index.php\/wp-json\/wp\/v2\/types\/page"}],"author":[{"embeddable":true,"href":"https:\/\/dcware.it\/index.php\/wp-json\/wp\/v2\/users\/1"}],"replies":[{"embeddable":true,"href":"https:\/\/dcware.it\/index.php\/wp-json\/wp\/v2\/comments?post=1488"}],"version-history":[{"count":8,"href":"https:\/\/dcware.it\/index.php\/wp-json\/wp\/v2\/pages\/1488\/revisions"}],"predecessor-version":[{"id":2524,"href":"https:\/\/dcware.it\/index.php\/wp-json\/wp\/v2\/pages\/1488\/revisions\/2524"}],"wp:attachment":[{"href":"https:\/\/dcware.it\/index.php\/wp-json\/wp\/v2\/media?parent=1488"}],"curies":[{"name":"wp","href":"https:\/\/api.w.org\/{rel}","templated":true}]}}